{"id":811,"date":"2018-12-11T11:23:06","date_gmt":"2018-12-11T10:23:06","guid":{"rendered":"https:\/\/cemminerals.be\/eigen-labo\/"},"modified":"2019-05-31T18:05:35","modified_gmt":"2019-05-31T17:05:35","slug":"propre-laboratoire","status":"publish","type":"page","link":"https:\/\/cemminerals.be\/fr\/propre-laboratoire\/","title":{"rendered":"Propre laboratoire"},"content":{"rendered":"<br \/>\n<h5>Produits \/ Qualit\u00e9 et formation technique<\/h5>\n<h3>Cemminerals dispose d\u2019un laboratoire performant labo avec les techniques d\u2019analyse les plus innovatrices.<\/h3>\n<h3>\n\t\t\t\tPropre laboratoire<br \/>\n\t\t\t<\/h3>\n<p><strong> Cemminerals dispose d\u2019un laboratoire qui r\u00e9alise diff\u00e9rentes fonctionnalit\u00e9s au sein de l\u2019organisation:<\/strong><\/p>\n<ol>\n<li><a href=\"..\/wp-content\/uploads\/2019\/02\/DJI_0450.jpg\"><img loading=\"lazy\" decoding=\"async\" src=\"https:\/\/cemminerals.be\/fr\/\/wp-content\/uploads\/2019\/02\/DJI_0450-300x225.jpg\" alt=\"\" width=\"300\" height=\"225\" \/><\/a>La mission primaire est la mise au point de la gamme de produits \u00e0 l\u2019aide de tests initiaux (Initial Type Testing). <\/li>\n<li> Le laboratoire assure le suivi de la production allant des diff\u00e9rents contr\u00f4les \u00e0 l\u2019entr\u00e9e des mati\u00e8res premi\u00e8res \u00e0 la v\u00e9rification du produit fini \u00e0 l\u2019issue du processus de broyage.<\/li>\n<li> Un aspect important de l\u2019ensemble des missions concerne l\u2019aspect de l\u2019autocontr\u00f4le qui, conform\u00e9ment aux proc\u00e9dures de certification applicables, est effectu\u00e9 sur la totalit\u00e9 de la gamme des produits finis.<\/li>\n<\/ol>\n<blockquote>\n<p> A cet effet, Cemminerals dispose d\u2019un laboratoire performant qui offre les techniques d\u2019analyse les plus modernes et n\u00e9cessaires en vue de l\u2019ex\u00e9cution des tests chimiques et physiques conform\u00e9ment aux normes de test pertinentes.<\/p>\n<\/blockquote>\n<h6>Contactez Cemminerals SA<\/h6>\n<h4>Ou pouvez-vous nous trouver ?<\/h4>\n<p>Christoffel Colombuslaan 37<br \/>\n9042 Gand &#8211; Belgique<br \/>\n<a href=\"mailto:info@cemminerals.be\">info@cemminerals.be<\/a><br \/>\n+32 (0)9 355 70 39<\/p>\n<h4>\n\t\t\t\tPlan de site<br \/>\n\t\t\t<\/h4>\n<h4>\n\t\t\t\tJuridique<br \/>\n\t\t\t<\/h4>\n","protected":false},"excerpt":{"rendered":"<p>Produits \/ Qualit\u00e9 et formation technique Cemminerals dispose d\u2019un laboratoire performant labo avec les techniques d\u2019analyse les plus innovatrices. Propre laboratoire Cemminerals dispose d\u2019un laboratoire qui r\u00e9alise diff\u00e9rentes fonctionnalit\u00e9s au sein de l\u2019organisation: La mission primaire est la mise au point de la gamme de produits \u00e0 l\u2019aide de tests initiaux (Initial Type Testing). Le [&hellip;]<\/p>\n","protected":false},"author":3,"featured_media":0,"parent":0,"menu_order":0,"comment_status":"closed","ping_status":"closed","template":"","meta":{"site-sidebar-layout":"no-sidebar","site-content-layout":"page-builder","ast-site-content-layout":"default","site-content-style":"default","site-sidebar-style":"default","ast-global-header-display":"","ast-banner-title-visibility":"","ast-main-header-display":"","ast-hfb-above-header-display":"","ast-hfb-below-header-display":"","ast-hfb-mobile-header-display":"","site-post-title":"disabled","ast-breadcrumbs-content":"","ast-featured-img":"disabled","footer-sml-layout":"","ast-disable-related-posts":"","theme-transparent-header-meta":"default","adv-header-id-meta":"","stick-header-meta":"default","header-above-stick-meta":"","header-main-stick-meta":"","header-below-stick-meta":"","astra-migrate-meta-layouts":"default","ast-page-background-enabled":"default","ast-page-background-meta":{"desktop":{"background-color":"","background-image":"","background-repeat":"repeat","background-position":"center center","background-size":"auto","background-attachment":"scroll","background-type":"","background-media":"","overlay-type":"","overlay-color":"","overlay-opacity":"","overlay-gradient":""},"tablet":{"background-color":"","background-image":"","background-repeat":"repeat","background-position":"center center","background-size":"auto","background-attachment":"scroll","background-type":"","background-media":"","overlay-type":"","overlay-color":"","overlay-opacity":"","overlay-gradient":""},"mobile":{"background-color":"","background-image":"","background-repeat":"repeat","background-position":"center center","background-size":"auto","background-attachment":"scroll","background-type":"","background-media":"","overlay-type":"","overlay-color":"","overlay-opacity":"","overlay-gradient":""}},"ast-content-background-meta":{"desktop":{"background-color":"var(--ast-global-color-5)","background-image":"","background-repeat":"repeat","background-position":"center center","background-size":"auto","background-attachment":"scroll","background-type":"","background-media":"","overlay-type":"","overlay-color":"","overlay-opacity":"","overlay-gradient":""},"tablet":{"background-color":"var(--ast-global-color-5)","background-image":"","background-repeat":"repeat","background-position":"center center","background-size":"auto","background-attachment":"scroll","background-type":"","background-media":"","overlay-type":"","overlay-color":"","overlay-opacity":"","overlay-gradient":""},"mobile":{"background-color":"var(--ast-global-color-5)","background-image":"","background-repeat":"repeat","background-position":"center center","background-size":"auto","background-attachment":"scroll","background-type":"","background-media":"","overlay-type":"","overlay-color":"","overlay-opacity":"","overlay-gradient":""}},"footnotes":""},"class_list":["post-811","page","type-page","status-publish","hentry"],"yoast_head":"<!-- This site is optimized with the Yoast SEO plugin v27.2 - https:\/\/yoast.com\/product\/yoast-seo-wordpress\/ -->\n<title>Propre laboratoire | Cemminerals NV<\/title>\n<meta name=\"robots\" content=\"index, follow, max-snippet:-1, max-image-preview:large, max-video-preview:-1\" \/>\n<link rel=\"canonical\" href=\"https:\/\/cemminerals.be\/fr\/propre-laboratoire\/\" \/>\n<meta property=\"og:locale\" content=\"fr_FR\" \/>\n<meta property=\"og:type\" content=\"article\" \/>\n<meta property=\"og:title\" content=\"Propre laboratoire | Cemminerals NV\" \/>\n<meta property=\"og:description\" content=\"Produits \/ Qualit\u00e9 et formation technique Cemminerals dispose d\u2019un laboratoire performant labo avec les techniques d\u2019analyse les plus innovatrices. Propre laboratoire Cemminerals dispose d\u2019un laboratoire qui r\u00e9alise diff\u00e9rentes fonctionnalit\u00e9s au sein de l\u2019organisation: La mission primaire est la mise au point de la gamme de produits \u00e0 l\u2019aide de tests initiaux (Initial Type Testing). Le [&hellip;]\" \/>\n<meta property=\"og:url\" content=\"https:\/\/cemminerals.be\/fr\/propre-laboratoire\/\" \/>\n<meta property=\"og:site_name\" content=\"Cemminerals NV\" \/>\n<meta property=\"article:modified_time\" content=\"2019-05-31T17:05:35+00:00\" \/>\n<meta property=\"og:image\" content=\"https:\/\/cemminerals.be\/fr\/\/wp-content\/uploads\/2019\/02\/DJI_0450-300x225.jpg\" \/>\n<meta name=\"twitter:card\" content=\"summary_large_image\" \/>\n<meta name=\"twitter:label1\" content=\"Dur\u00e9e de lecture estim\u00e9e\" \/>\n\t<meta name=\"twitter:data1\" content=\"1 minute\" \/>\n<script type=\"application\/ld+json\" class=\"yoast-schema-graph\">{\"@context\":\"https:\/\/schema.org\",\"@graph\":[{\"@type\":\"WebPage\",\"@id\":\"https:\/\/cemminerals.be\/fr\/propre-laboratoire\/\",\"url\":\"https:\/\/cemminerals.be\/fr\/propre-laboratoire\/\",\"name\":\"Propre laboratoire | Cemminerals NV\",\"isPartOf\":{\"@id\":\"https:\/\/cemminerals.be\/nl\/#website\"},\"primaryImageOfPage\":{\"@id\":\"https:\/\/cemminerals.be\/fr\/propre-laboratoire\/#primaryimage\"},\"image\":{\"@id\":\"https:\/\/cemminerals.be\/fr\/propre-laboratoire\/#primaryimage\"},\"thumbnailUrl\":\"https:\/\/cemminerals.be\/fr\/\/wp-content\/uploads\/2019\/02\/DJI_0450-300x225.jpg\",\"datePublished\":\"2018-12-11T10:23:06+00:00\",\"dateModified\":\"2019-05-31T17:05:35+00:00\",\"breadcrumb\":{\"@id\":\"https:\/\/cemminerals.be\/fr\/propre-laboratoire\/#breadcrumb\"},\"inLanguage\":\"fr-FR\",\"potentialAction\":[{\"@type\":\"ReadAction\",\"target\":[\"https:\/\/cemminerals.be\/fr\/propre-laboratoire\/\"]}]},{\"@type\":\"ImageObject\",\"inLanguage\":\"fr-FR\",\"@id\":\"https:\/\/cemminerals.be\/fr\/propre-laboratoire\/#primaryimage\",\"url\":\"https:\/\/cemminerals.be\/fr\/\/wp-content\/uploads\/2019\/02\/DJI_0450-300x225.jpg\",\"contentUrl\":\"https:\/\/cemminerals.be\/fr\/\/wp-content\/uploads\/2019\/02\/DJI_0450-300x225.jpg\"},{\"@type\":\"BreadcrumbList\",\"@id\":\"https:\/\/cemminerals.be\/fr\/propre-laboratoire\/#breadcrumb\",\"itemListElement\":[{\"@type\":\"ListItem\",\"position\":1,\"name\":\"Home\",\"item\":\"https:\/\/cemminerals.be\/fr\/\"},{\"@type\":\"ListItem\",\"position\":2,\"name\":\"Propre laboratoire\"}]},{\"@type\":\"WebSite\",\"@id\":\"https:\/\/cemminerals.be\/nl\/#website\",\"url\":\"https:\/\/cemminerals.be\/nl\/\",\"name\":\"Cemminerals NV\",\"description\":\"De enige onafhankelijke cementproducent in Belgi\u00eb.\",\"publisher\":{\"@id\":\"https:\/\/cemminerals.be\/nl\/#organization\"},\"potentialAction\":[{\"@type\":\"SearchAction\",\"target\":{\"@type\":\"EntryPoint\",\"urlTemplate\":\"https:\/\/cemminerals.be\/nl\/?s={search_term_string}\"},\"query-input\":{\"@type\":\"PropertyValueSpecification\",\"valueRequired\":true,\"valueName\":\"search_term_string\"}}],\"inLanguage\":\"fr-FR\"},{\"@type\":\"Organization\",\"@id\":\"https:\/\/cemminerals.be\/nl\/#organization\",\"name\":\"Cemminerals NV\",\"url\":\"https:\/\/cemminerals.be\/nl\/\",\"logo\":{\"@type\":\"ImageObject\",\"inLanguage\":\"fr-FR\",\"@id\":\"https:\/\/cemminerals.be\/nl\/#\/schema\/logo\/image\/\",\"url\":\"https:\/\/cemminerals.be\/wp-content\/uploads\/2018\/06\/cemminerals-FINAL@3x.png\",\"contentUrl\":\"https:\/\/cemminerals.be\/wp-content\/uploads\/2018\/06\/cemminerals-FINAL@3x.png\",\"width\":1280,\"height\":464,\"caption\":\"Cemminerals NV\"},\"image\":{\"@id\":\"https:\/\/cemminerals.be\/nl\/#\/schema\/logo\/image\/\"},\"sameAs\":[\"https:\/\/www.linkedin.com\/company\/cemminerals-nv\/\"]}]}<\/script>\n<!-- \/ Yoast SEO plugin. -->","yoast_head_json":{"title":"Propre laboratoire | Cemminerals NV","robots":{"index":"index","follow":"follow","max-snippet":"max-snippet:-1","max-image-preview":"max-image-preview:large","max-video-preview":"max-video-preview:-1"},"canonical":"https:\/\/cemminerals.be\/fr\/propre-laboratoire\/","og_locale":"fr_FR","og_type":"article","og_title":"Propre laboratoire | Cemminerals NV","og_description":"Produits \/ Qualit\u00e9 et formation technique Cemminerals dispose d\u2019un laboratoire performant labo avec les techniques d\u2019analyse les plus innovatrices. Propre laboratoire Cemminerals dispose d\u2019un laboratoire qui r\u00e9alise diff\u00e9rentes fonctionnalit\u00e9s au sein de l\u2019organisation: La mission primaire est la mise au point de la gamme de produits \u00e0 l\u2019aide de tests initiaux (Initial Type Testing). Le [&hellip;]","og_url":"https:\/\/cemminerals.be\/fr\/propre-laboratoire\/","og_site_name":"Cemminerals NV","article_modified_time":"2019-05-31T17:05:35+00:00","og_image":[{"url":"https:\/\/cemminerals.be\/fr\/\/wp-content\/uploads\/2019\/02\/DJI_0450-300x225.jpg","type":"","width":"","height":""}],"twitter_card":"summary_large_image","twitter_misc":{"Dur\u00e9e de lecture estim\u00e9e":"1 minute"},"schema":{"@context":"https:\/\/schema.org","@graph":[{"@type":"WebPage","@id":"https:\/\/cemminerals.be\/fr\/propre-laboratoire\/","url":"https:\/\/cemminerals.be\/fr\/propre-laboratoire\/","name":"Propre laboratoire | Cemminerals NV","isPartOf":{"@id":"https:\/\/cemminerals.be\/nl\/#website"},"primaryImageOfPage":{"@id":"https:\/\/cemminerals.be\/fr\/propre-laboratoire\/#primaryimage"},"image":{"@id":"https:\/\/cemminerals.be\/fr\/propre-laboratoire\/#primaryimage"},"thumbnailUrl":"https:\/\/cemminerals.be\/fr\/\/wp-content\/uploads\/2019\/02\/DJI_0450-300x225.jpg","datePublished":"2018-12-11T10:23:06+00:00","dateModified":"2019-05-31T17:05:35+00:00","breadcrumb":{"@id":"https:\/\/cemminerals.be\/fr\/propre-laboratoire\/#breadcrumb"},"inLanguage":"fr-FR","potentialAction":[{"@type":"ReadAction","target":["https:\/\/cemminerals.be\/fr\/propre-laboratoire\/"]}]},{"@type":"ImageObject","inLanguage":"fr-FR","@id":"https:\/\/cemminerals.be\/fr\/propre-laboratoire\/#primaryimage","url":"https:\/\/cemminerals.be\/fr\/\/wp-content\/uploads\/2019\/02\/DJI_0450-300x225.jpg","contentUrl":"https:\/\/cemminerals.be\/fr\/\/wp-content\/uploads\/2019\/02\/DJI_0450-300x225.jpg"},{"@type":"BreadcrumbList","@id":"https:\/\/cemminerals.be\/fr\/propre-laboratoire\/#breadcrumb","itemListElement":[{"@type":"ListItem","position":1,"name":"Home","item":"https:\/\/cemminerals.be\/fr\/"},{"@type":"ListItem","position":2,"name":"Propre laboratoire"}]},{"@type":"WebSite","@id":"https:\/\/cemminerals.be\/nl\/#website","url":"https:\/\/cemminerals.be\/nl\/","name":"Cemminerals NV","description":"De enige onafhankelijke cementproducent in Belgi\u00eb.","publisher":{"@id":"https:\/\/cemminerals.be\/nl\/#organization"},"potentialAction":[{"@type":"SearchAction","target":{"@type":"EntryPoint","urlTemplate":"https:\/\/cemminerals.be\/nl\/?s={search_term_string}"},"query-input":{"@type":"PropertyValueSpecification","valueRequired":true,"valueName":"search_term_string"}}],"inLanguage":"fr-FR"},{"@type":"Organization","@id":"https:\/\/cemminerals.be\/nl\/#organization","name":"Cemminerals NV","url":"https:\/\/cemminerals.be\/nl\/","logo":{"@type":"ImageObject","inLanguage":"fr-FR","@id":"https:\/\/cemminerals.be\/nl\/#\/schema\/logo\/image\/","url":"https:\/\/cemminerals.be\/wp-content\/uploads\/2018\/06\/cemminerals-FINAL@3x.png","contentUrl":"https:\/\/cemminerals.be\/wp-content\/uploads\/2018\/06\/cemminerals-FINAL@3x.png","width":1280,"height":464,"caption":"Cemminerals NV"},"image":{"@id":"https:\/\/cemminerals.be\/nl\/#\/schema\/logo\/image\/"},"sameAs":["https:\/\/www.linkedin.com\/company\/cemminerals-nv\/"]}]}},"_links":{"self":[{"href":"https:\/\/cemminerals.be\/fr\/wp-json\/wp\/v2\/pages\/811","targetHints":{"allow":["GET"]}}],"collection":[{"href":"https:\/\/cemminerals.be\/fr\/wp-json\/wp\/v2\/pages"}],"about":[{"href":"https:\/\/cemminerals.be\/fr\/wp-json\/wp\/v2\/types\/page"}],"author":[{"embeddable":true,"href":"https:\/\/cemminerals.be\/fr\/wp-json\/wp\/v2\/users\/3"}],"replies":[{"embeddable":true,"href":"https:\/\/cemminerals.be\/fr\/wp-json\/wp\/v2\/comments?post=811"}],"version-history":[{"count":3,"href":"https:\/\/cemminerals.be\/fr\/wp-json\/wp\/v2\/pages\/811\/revisions"}],"predecessor-version":[{"id":814,"href":"https:\/\/cemminerals.be\/fr\/wp-json\/wp\/v2\/pages\/811\/revisions\/814"}],"wp:attachment":[{"href":"https:\/\/cemminerals.be\/fr\/wp-json\/wp\/v2\/media?parent=811"}],"curies":[{"name":"wp","href":"https:\/\/api.w.org\/{rel}","templated":true}]}}